{"id":1274,"date":"2021-12-22T13:27:27","date_gmt":"2021-12-22T12:27:27","guid":{"rendered":"https:\/\/aprimondowines.com\/caviro\/"},"modified":"2022-01-07T12:36:03","modified_gmt":"2022-01-07T11:36:03","slug":"caviro","status":"publish","type":"page","link":"https:\/\/aprimondowines.com\/it\/caviro\/","title":{"rendered":"CAVIRO"},"content":{"rendered":"\t\t<div data-elementor-type=\"wp-page\" data-elementor-id=\"1274\" class=\"elementor elementor-1274 elementor-170\" data-elementor-settings=\"[]\">\n\t\t\t\t\t\t\t<div class=\"elementor-section-wrap\">\n\t\t\t\t\t\t\t<section class=\"elementor-section elementor-top-section elementor-element elementor-element-9fd3c7e elementor-section-content-middle elementor-section-boxed elementor-section-height-default elementor-section-height-default\" data-id=\"9fd3c7e\" data-element_type=\"section\" data-settings=\"{&quot;background_background&quot;:&quot;classic&quot;}\">\n\t\t\t\t\t\t<div class=\"elementor-container elementor-column-gap-default\">\n\t\t\t\t\t<div class=\"elementor-column elementor-col-100 elementor-top-column elementor-element elementor-element-5c50c78\" data-id=\"5c50c78\" data-element_type=\"column\" data-settings=\"{&quot;background_background&quot;:&quot;classic&quot;}\">\n\t\t\t<div class=\"elementor-widget-wrap elementor-element-populated\">\n\t\t\t\t\t\t\t\t<div class=\"elementor-element elementor-element-ee95825 elementor-invisible elementor-widget elementor-widget-heading\" data-id=\"ee95825\" data-element_type=\"widget\" data-settings=\"{&quot;_animation&quot;:&quot;fadeInUp&quot;}\" data-widget_type=\"heading.default\">\n\t\t\t\t<div class=\"elementor-widget-container\">\n\t\t\t<style>\/*! elementor - v3.5.4 - 23-01-2022 *\/\n.elementor-heading-title{padding:0;margin:0;line-height:1}.elementor-widget-heading .elementor-heading-title[class*=elementor-size-]>a{color:inherit;font-size:inherit;line-height:inherit}.elementor-widget-heading .elementor-heading-title.elementor-size-small{font-size:15px}.elementor-widget-heading .elementor-heading-title.elementor-size-medium{font-size:19px}.elementor-widget-heading .elementor-heading-title.elementor-size-large{font-size:29px}.elementor-widget-heading .elementor-heading-title.elementor-size-xl{font-size:39px}.elementor-widget-heading .elementor-heading-title.elementor-size-xxl{font-size:59px}<\/style><h2 class=\"elementor-heading-title elementor-size-default\">Caviro,<br> una storia italiana<\/h2>\t\t<\/div>\n\t\t\t\t<\/div>\n\t\t\t\t<div class=\"elementor-element elementor-element-f84d38c elementor-invisible elementor-widget elementor-widget-text-editor\" data-id=\"f84d38c\" data-element_type=\"widget\" data-settings=\"{&quot;_animation&quot;:&quot;fadeInUp&quot;}\" data-widget_type=\"text-editor.default\">\n\t\t\t\t<div class=\"elementor-widget-container\">\n\t\t\t<style>\/*! elementor - v3.5.4 - 23-01-2022 *\/\n.elementor-widget-text-editor.elementor-drop-cap-view-stacked .elementor-drop-cap{background-color:#818a91;color:#fff}.elementor-widget-text-editor.elementor-drop-cap-view-framed .elementor-drop-cap{color:#818a91;border:3px solid;background-color:transparent}.elementor-widget-text-editor:not(.elementor-drop-cap-view-default) .elementor-drop-cap{margin-top:8px}.elementor-widget-text-editor:not(.elementor-drop-cap-view-default) .elementor-drop-cap-letter{width:1em;height:1em}.elementor-widget-text-editor .elementor-drop-cap{float:left;text-align:center;line-height:1;font-size:50px}.elementor-widget-text-editor .elementor-drop-cap-letter{display:inline-block}<\/style>\t\t\t\t<p>Cantine Caviro \u00e8 una cooperativa agricola italiana fondata a Faenza, nel cuore dell&#8217;Emilia Romagna, nel 1966. Una zona ricca di tradizioni, valori forti, carattere e con una grande vocazione nella produzione di vini. Da oltre cinquant&#8217;anni, la nostra missione \u00e8 stata quella di promuovere le uve dei nostri coltivatori in una terra con una forte vocazione per la viticoltura. Oggi, esportiamo in pi\u00f9 di 70 paesi. In termini di ettari di vigneti e volume di vino prodotto, siamo la pi\u00f9 grande azienda vinicola d&#8217;Italia. \u00c8 cos\u00ec che ha valorizzato non solo i suoi territori, con la bellezza e le particolarit\u00e0 dei loro paesaggi, ma anche le loro tradizioni.<\/p>\n<p><\/p>\n<p>Abbiamo sempre prestato grande attenzione alla qualit\u00e0 e all&#8217;innovazione dei nostri prodotti investendo per strutturare un nuovo modello per la nostra economia circolare, creando una case history studiata in tutta Europa. Il nostro modello mira ad eliminare l&#8217;idea di spreco: a partire dal vigneto, ogni materia prima \u00e8 considerata una risorsa preziosa, lavorata e trasformata in un nuovo materiale da reinserire nel ciclo.<br \/><strong>Un ciclo virtuoso che unisce l&#8217;uomo e l&#8217;ambiente,<\/strong><br \/><strong>l&#8217;uva e la terra, il presente e il futuro.<\/strong><\/p>\n\t\t\t\t\t\t<\/div>\n\t\t\t\t<\/div>\n\t\t\t\t<div class=\"elementor-element elementor-element-0055ce2 elementor-invisible elementor-widget elementor-widget-image\" data-id=\"0055ce2\" data-element_type=\"widget\" data-settings=\"{&quot;_animation&quot;:&quot;fadeInUp&quot;}\" data-widget_type=\"image.default\">\n\t\t\t\t<div class=\"elementor-widget-container\">\n\t\t\t<style>\/*! elementor - v3.5.4 - 23-01-2022 *\/\n.elementor-widget-image{text-align:center}.elementor-widget-image a{display:inline-block}.elementor-widget-image a img[src$=\".svg\"]{width:48px}.elementor-widget-image img{vertical-align:middle;display:inline-block}<\/style>\t\t\t\t\t\t\t\t\t\t\t\t\t<a href=\"https:\/\/www.caviro.com\/\">\n\t\t\t\t\t\t\t<img loading=\"lazy\" decoding=\"async\" width=\"13252\" height=\"2452\" src=\"https:\/\/aprimondowines.com\/wp-content\/uploads\/2021\/12\/png-01.png\" class=\"attachment-full size-full\" alt=\"\" srcset=\"https:\/\/aprimondowines.com\/wp-content\/uploads\/2021\/12\/png-01.png 13252w, https:\/\/aprimondowines.com\/wp-content\/uploads\/2021\/12\/png-01-300x56.png 300w, https:\/\/aprimondowines.com\/wp-content\/uploads\/2021\/12\/png-01-1024x189.png 1024w, https:\/\/aprimondowines.com\/wp-content\/uploads\/2021\/12\/png-01-768x142.png 768w, https:\/\/aprimondowines.com\/wp-content\/uploads\/2021\/12\/png-01-1536x284.png 1536w, https:\/\/aprimondowines.com\/wp-content\/uploads\/2021\/12\/png-01-2048x379.png 2048w\" sizes=\"auto, (max-width: 13252px) 100vw, 13252px\" \/>\t\t\t\t\t\t\t\t<\/a>\n\t\t\t\t\t\t\t\t\t\t\t\t\t\t\t<\/div>\n\t\t\t\t<\/div>\n\t\t\t\t\t<\/div>\n\t\t<\/div>\n\t\t\t\t\t\t\t<\/div>\n\t\t<\/section>\n\t\t\t\t\t\t<\/div>\n\t\t\t\t\t<\/div>\n\t\t","protected":false},"excerpt":{"rendered":"<p>Caviro, una storia italiana Cantine Caviro \u00e8 una cooperativa agricola italiana fondata a Faenza, nel cuore dell&#8217;Emilia Romagna, nel 1966. Una zona ricca di tradizioni, valori forti, carattere e con una grande vocazione nella produzione di vini. Da oltre cinquant&#8217;anni, la nostra missione \u00e8 stata quella di promuovere le uve dei nostri coltivatori in una [&hellip;]<\/p>\n","protected":false},"author":1,"featured_media":0,"parent":0,"menu_order":0,"comment_status":"closed","ping_status":"closed","template":"elementor_header_footer","meta":{"footnotes":""},"class_list":["post-1274","page","type-page","status-publish","hentry"],"yoast_head":"<!-- This site is optimized with the Yoast SEO plugin v18.0 - https:\/\/yoast.com\/wordpress\/plugins\/seo\/ -->\n<meta name=\"robots\" content=\"index, follow, max-snippet:-1, max-image-preview:large, max-video-preview:-1\" \/>\n<link rel=\"canonical\" href=\"https:\/\/aprimondowines.com\/it\/caviro\/\" \/>\n<meta property=\"og:locale\" content=\"it_IT\" \/>\n<meta property=\"og:type\" content=\"article\" \/>\n<meta property=\"og:title\" content=\"CAVIRO - Aprimondo website\" \/>\n<meta property=\"og:description\" content=\"Caviro, una storia italiana Cantine Caviro \u00e8 una cooperativa agricola italiana fondata a Faenza, nel cuore dell&#8217;Emilia Romagna, nel 1966. Una zona ricca di tradizioni, valori forti, carattere e con una grande vocazione nella produzione di vini. Da oltre cinquant&#8217;anni, la nostra missione \u00e8 stata quella di promuovere le uve dei nostri coltivatori in una [&hellip;]\" \/>\n<meta property=\"og:url\" content=\"https:\/\/aprimondowines.com\/it\/caviro\/\" \/>\n<meta property=\"og:site_name\" content=\"Aprimondo website\" \/>\n<meta property=\"article:modified_time\" content=\"2022-01-07T11:36:03+00:00\" \/>\n<meta property=\"og:image\" content=\"https:\/\/aprimondowines.com\/wp-content\/uploads\/2021\/12\/png-01.png\" \/>\n<meta name=\"twitter:card\" content=\"summary_large_image\" \/>\n<meta name=\"twitter:label1\" content=\"Tempo di lettura stimato\" \/>\n\t<meta name=\"twitter:data1\" content=\"1 minuto\" \/>\n<script type=\"application\/ld+json\" class=\"yoast-schema-graph\">{\"@context\":\"https:\/\/schema.org\",\"@graph\":[{\"@type\":\"WebSite\",\"@id\":\"https:\/\/aprimondowines.com\/#website\",\"url\":\"https:\/\/aprimondowines.com\/\",\"name\":\"Aprimondo website\",\"description\":\"Un nuovo sito targato WordPress\",\"potentialAction\":[{\"@type\":\"SearchAction\",\"target\":{\"@type\":\"EntryPoint\",\"urlTemplate\":\"https:\/\/aprimondowines.com\/?s={search_term_string}\"},\"query-input\":\"required name=search_term_string\"}],\"inLanguage\":\"it-IT\"},{\"@type\":\"ImageObject\",\"@id\":\"https:\/\/aprimondowines.com\/it\/caviro\/#primaryimage\",\"inLanguage\":\"it-IT\",\"url\":\"https:\/\/aprimondowines.com\/wp-content\/uploads\/2021\/12\/png-01.png\",\"contentUrl\":\"https:\/\/aprimondowines.com\/wp-content\/uploads\/2021\/12\/png-01.png\",\"width\":13252,\"height\":2452},{\"@type\":\"WebPage\",\"@id\":\"https:\/\/aprimondowines.com\/it\/caviro\/#webpage\",\"url\":\"https:\/\/aprimondowines.com\/it\/caviro\/\",\"name\":\"CAVIRO - Aprimondo website\",\"isPartOf\":{\"@id\":\"https:\/\/aprimondowines.com\/#website\"},\"primaryImageOfPage\":{\"@id\":\"https:\/\/aprimondowines.com\/it\/caviro\/#primaryimage\"},\"datePublished\":\"2021-12-22T12:27:27+00:00\",\"dateModified\":\"2022-01-07T11:36:03+00:00\",\"breadcrumb\":{\"@id\":\"https:\/\/aprimondowines.com\/it\/caviro\/#breadcrumb\"},\"inLanguage\":\"it-IT\",\"potentialAction\":[{\"@type\":\"ReadAction\",\"target\":[\"https:\/\/aprimondowines.com\/it\/caviro\/\"]}]},{\"@type\":\"BreadcrumbList\",\"@id\":\"https:\/\/aprimondowines.com\/it\/caviro\/#breadcrumb\",\"itemListElement\":[{\"@type\":\"ListItem\",\"position\":1,\"name\":\"Home\",\"item\":\"https:\/\/aprimondowines.com\/it\/home\/\"},{\"@type\":\"ListItem\",\"position\":2,\"name\":\"CAVIRO\"}]}]}<\/script>\n<!-- \/ Yoast SEO plugin. -->","yoast_head_json":{"robots":{"index":"index","follow":"follow","max-snippet":"max-snippet:-1","max-image-preview":"max-image-preview:large","max-video-preview":"max-video-preview:-1"},"canonical":"https:\/\/aprimondowines.com\/it\/caviro\/","og_locale":"it_IT","og_type":"article","og_title":"CAVIRO - Aprimondo website","og_description":"Caviro, una storia italiana Cantine Caviro \u00e8 una cooperativa agricola italiana fondata a Faenza, nel cuore dell&#8217;Emilia Romagna, nel 1966. Una zona ricca di tradizioni, valori forti, carattere e con una grande vocazione nella produzione di vini. Da oltre cinquant&#8217;anni, la nostra missione \u00e8 stata quella di promuovere le uve dei nostri coltivatori in una [&hellip;]","og_url":"https:\/\/aprimondowines.com\/it\/caviro\/","og_site_name":"Aprimondo website","article_modified_time":"2022-01-07T11:36:03+00:00","og_image":[{"url":"https:\/\/aprimondowines.com\/wp-content\/uploads\/2021\/12\/png-01.png"}],"twitter_card":"summary_large_image","twitter_misc":{"Tempo di lettura stimato":"1 minuto"},"schema":{"@context":"https:\/\/schema.org","@graph":[{"@type":"WebSite","@id":"https:\/\/aprimondowines.com\/#website","url":"https:\/\/aprimondowines.com\/","name":"Aprimondo website","description":"Un nuovo sito targato WordPress","potentialAction":[{"@type":"SearchAction","target":{"@type":"EntryPoint","urlTemplate":"https:\/\/aprimondowines.com\/?s={search_term_string}"},"query-input":"required name=search_term_string"}],"inLanguage":"it-IT"},{"@type":"ImageObject","@id":"https:\/\/aprimondowines.com\/it\/caviro\/#primaryimage","inLanguage":"it-IT","url":"https:\/\/aprimondowines.com\/wp-content\/uploads\/2021\/12\/png-01.png","contentUrl":"https:\/\/aprimondowines.com\/wp-content\/uploads\/2021\/12\/png-01.png","width":13252,"height":2452},{"@type":"WebPage","@id":"https:\/\/aprimondowines.com\/it\/caviro\/#webpage","url":"https:\/\/aprimondowines.com\/it\/caviro\/","name":"CAVIRO - Aprimondo website","isPartOf":{"@id":"https:\/\/aprimondowines.com\/#website"},"primaryImageOfPage":{"@id":"https:\/\/aprimondowines.com\/it\/caviro\/#primaryimage"},"datePublished":"2021-12-22T12:27:27+00:00","dateModified":"2022-01-07T11:36:03+00:00","breadcrumb":{"@id":"https:\/\/aprimondowines.com\/it\/caviro\/#breadcrumb"},"inLanguage":"it-IT","potentialAction":[{"@type":"ReadAction","target":["https:\/\/aprimondowines.com\/it\/caviro\/"]}]},{"@type":"BreadcrumbList","@id":"https:\/\/aprimondowines.com\/it\/caviro\/#breadcrumb","itemListElement":[{"@type":"ListItem","position":1,"name":"Home","item":"https:\/\/aprimondowines.com\/it\/home\/"},{"@type":"ListItem","position":2,"name":"CAVIRO"}]}]}},"_links":{"self":[{"href":"https:\/\/aprimondowines.com\/it\/wp-json\/wp\/v2\/pages\/1274","targetHints":{"allow":["GET"]}}],"collection":[{"href":"https:\/\/aprimondowines.com\/it\/wp-json\/wp\/v2\/pages"}],"about":[{"href":"https:\/\/aprimondowines.com\/it\/wp-json\/wp\/v2\/types\/page"}],"author":[{"embeddable":true,"href":"https:\/\/aprimondowines.com\/it\/wp-json\/wp\/v2\/users\/1"}],"replies":[{"embeddable":true,"href":"https:\/\/aprimondowines.com\/it\/wp-json\/wp\/v2\/comments?post=1274"}],"version-history":[{"count":4,"href":"https:\/\/aprimondowines.com\/it\/wp-json\/wp\/v2\/pages\/1274\/revisions"}],"predecessor-version":[{"id":1412,"href":"https:\/\/aprimondowines.com\/it\/wp-json\/wp\/v2\/pages\/1274\/revisions\/1412"}],"wp:attachment":[{"href":"https:\/\/aprimondowines.com\/it\/wp-json\/wp\/v2\/media?parent=1274"}],"curies":[{"name":"wp","href":"https:\/\/api.w.org\/{rel}","templated":true}]}}